{"id":15127,"date":"2026-04-13T13:12:36","date_gmt":"2026-04-13T10:12:36","guid":{"rendered":"https:\/\/nietzscherecords.com\/?post_type=product&#038;p=15127"},"modified":"2026-04-13T13:16:27","modified_gmt":"2026-04-13T10:16:27","slug":"the-koln-concert","status":"publish","type":"product","link":"https:\/\/nietzscherecords.com\/he\/music\/the-koln-concert\/","title":{"rendered":"The K\u00f6ln Concert"},"content":{"rendered":"<table>\n<tbody>\n<tr>\n<td>A<\/td>\n<td>K\u00f6ln, January 24, 1975 Part I<\/td>\n<td>26:15<\/td>\n<\/tr>\n<tr>\n<td>B<\/td>\n<td>K\u00f6ln, January 24, 1975 Part II a<\/td>\n<td>15:00<\/td>\n<\/tr>\n<tr>\n<td>C<\/td>\n<td>K\u00f6ln, January 24, 1975 Part II b<\/td>\n<td>19:19<\/td>\n<\/tr>\n<tr>\n<td>D<\/td>\n<td>K\u00f6ln, January 24, 1975 Part II c<\/td>\n<td>6:59<\/td>\n<\/tr>\n<\/tbody>\n<\/table>","protected":false},"excerpt":{"rendered":"<p>A K\u00f6ln, January 24, 1975 Part I 26:15 B K\u00f6ln, January 24, 1975 Part II a 15:00 C K\u00f6ln, January 24, 1975 Part II b 19:19 D K\u00f6ln, January 24, 1975 Part II c 6:59<\/p>","protected":false},"featured_media":15128,"comment_status":"open","ping_status":"closed","template":"","meta":{"_acf_changed":false},"product_brand":[],"product_cat":[18],"product_tag":[214,184,271],"class_list":{"0":"post-15127","1":"product","2":"type-product","3":"status-publish","4":"has-post-thumbnail","6":"product_cat-music-item","7":"product_tag-contemporary-jazz","8":"product_tag-free-improvisation","9":"product_tag-post-bop","10":"genre-jazz","12":"first","13":"instock","14":"taxable","15":"shipping-taxable","16":"purchasable","17":"product-type-simple"},"acf":[],"_links":{"self":[{"href":"https:\/\/nietzscherecords.com\/he\/wp-json\/wp\/v2\/product\/15127","targetHints":{"allow":["GET"]}}],"collection":[{"href":"https:\/\/nietzscherecords.com\/he\/wp-json\/wp\/v2\/product"}],"about":[{"href":"https:\/\/nietzscherecords.com\/he\/wp-json\/wp\/v2\/types\/product"}],"replies":[{"embeddable":true,"href":"https:\/\/nietzscherecords.com\/he\/wp-json\/wp\/v2\/comments?post=15127"}],"wp:featuredmedia":[{"embeddable":true,"href":"https:\/\/nietzscherecords.com\/he\/wp-json\/wp\/v2\/media\/15128"}],"wp:attachment":[{"href":"https:\/\/nietzscherecords.com\/he\/wp-json\/wp\/v2\/media?parent=15127"}],"wp:term":[{"taxonomy":"product_brand","embeddable":true,"href":"https:\/\/nietzscherecords.com\/he\/wp-json\/wp\/v2\/product_brand?post=15127"},{"taxonomy":"product_cat","embeddable":true,"href":"https:\/\/nietzscherecords.com\/he\/wp-json\/wp\/v2\/product_cat?post=15127"},{"taxonomy":"product_tag","embeddable":true,"href":"https:\/\/nietzscherecords.com\/he\/wp-json\/wp\/v2\/product_tag?post=15127"}],"curies":[{"name":"wp","href":"https:\/\/api.w.org\/{rel}","templated":true}]}}